{"id":3,"date":"2026-02-19T18:56:53","date_gmt":"2026-02-19T17:56:53","guid":{"rendered":"https:\/\/gorrasexclusive.com\/?page_id=3"},"modified":"2026-02-27T11:29:48","modified_gmt":"2026-02-27T15:29:48","slug":"politica-privacidad","status":"publish","type":"page","link":"https:\/\/gorrasexclusive.com\/?page_id=3","title":{"rendered":"Pol\u00edtica de privacidad"},"content":{"rendered":"\n<p class=\"has-text-align-center has-larger-font-size\">AVISO DE PRIVACIDAD<\/p>\n\n\n\n<p>Jimmy Reymy, comercialmente conocido como Gorras Exclusive, con domicilio en Barrio Obrero, es el responsable del uso y protecci\u00f3n de sus datos personales.<\/p>\n\n\n\n<p>FINALIDADES PRIMARIAS<br>Los datos personales que recabamos de usted, los utilizaremos para las siguientes finalidades que son necesarias para el servicio que solicita:<\/p>\n\n\n\n<ul class=\"wp-block-list\">\n<li>Respuesta a mensajes del formulario de contacto<\/li>\n\n\n\n<li>Prestaci\u00f3n de cualquier servicio solicitado<\/li>\n\n\n\n<li>Env\u00edo de productos adquiridos en esta tienda en l\u00ednea<\/li>\n<\/ul>\n\n\n\n<p>DATOS PERSONALES RECABADOS<br>Para las finalidades se\u00f1aladas en el presente aviso de privacidad, podemos recabar sus datos de identificaci\u00f3n y contacto.<\/p>\n\n\n\n<p>DERECHOS ARCO<br>Usted tiene derecho a conocer qu\u00e9 datos personales tenemos de usted, para qu\u00e9 los utilizamos y las condiciones del uso que les damos (Acceso). Asimismo, es su derecho solicitar la correcci\u00f3n de su informaci\u00f3n personal en caso de que est\u00e9 desactualizada, sea inexacta o incompleta (Rectificaci\u00f3n); que la eliminemos de nuestros registros o bases de datos cuando considere que la misma no est\u00e1 siendo utilizada adecuadamente (Cancelaci\u00f3n); as\u00ed como oponerse al uso de sus datos personales para fines espec\u00edficos (Oposici\u00f3n). Estos derechos se conocen como derechos ARCO.<\/p>\n\n\n\n<p>Para el ejercicio de cualquiera de los derechos ARCO, usted deber\u00e1 presentar la solicitud respectiva a trav\u00e9s de Al mismo correo donde se envi\u00f3 la petici\u00f3n. La respuesta a su solicitud ser\u00e1 atendida en un plazo m\u00e1ximo de 10 d\u00edas h\u00e1biles.<\/p>\n\n\n\n<p>DATOS RECABADOS POR EL SITIO WEB<br>Nuestro sitio web recaba autom\u00e1ticamente los siguientes datos:<\/p>\n\n\n\n<ul class=\"wp-block-list\">\n<li>Identificadores, nombre de usuario y contrase\u00f1as de sesi\u00f3n<\/li>\n\n\n\n<li>Idioma preferido por el usuario<\/li>\n\n\n\n<li>Regi\u00f3n en la que se encuentra el usuario<\/li>\n\n\n\n<li>Tipo de navegador del usuario<\/li>\n\n\n\n<li>Fecha y hora del inicio y final de una sesi\u00f3n de un usuario<\/li>\n\n\n\n<li>B\u00fasquedas realizadas por un usuario<\/li>\n\n\n\n<li>Publicidad revisada por un usuario<\/li>\n<\/ul>\n\n\n\n<p>CONTACTO<br>Para m\u00e1s informaci\u00f3n sobre este aviso de privacidad, puede contactarnos en:<\/p>\n\n\n\n<p>Correo electr\u00f3nico: GorrasExclusiveVenezuela@gmail.com<br>Sitio web: htpps:\/\/gorrasexclusive.com<\/p>\n\n\n\n<p>\u00daltima actualizaci\u00f3n: 2\/25\/2026<\/p>\n","protected":false},"excerpt":{"rendered":"<p>AVISO DE PRIVACIDAD Jimmy Reymy, comercialmente conocido como Gorras Exclusive, con domicilio en Barrio Obrero, es el responsable del uso y protecci\u00f3n de sus datos personales. FINALIDADES PRIMARIASLos datos personales que recabamos de usted, los utilizaremos para las siguientes finalidades que son necesarias para el servicio que solicita: DATOS PERSONALES RECABADOSPara las finalidades se\u00f1aladas en&#8230;<\/p>\n","protected":false},"author":1,"featured_media":0,"parent":0,"menu_order":0,"comment_status":"closed","ping_status":"open","template":"","meta":{"_kad_post_transparent":"","_kad_post_title":"hide","_kad_post_layout":"","_kad_post_sidebar_id":"","_kad_post_content_style":"","_kad_post_vertical_padding":"","_kad_post_feature":"","_kad_post_feature_position":"","_kad_post_header":false,"_kad_post_footer":false,"_kad_post_classname":"","footnotes":""},"class_list":["post-3","page","type-page","status-publish","hentry"],"jetpack_sharing_enabled":true,"_links":{"self":[{"href":"https:\/\/gorrasexclusive.com\/index.php?rest_route=\/wp\/v2\/pages\/3","targetHints":{"allow":["GET"]}}],"collection":[{"href":"https:\/\/gorrasexclusive.com\/index.php?rest_route=\/wp\/v2\/pages"}],"about":[{"href":"https:\/\/gorrasexclusive.com\/index.php?rest_route=\/wp\/v2\/types\/page"}],"author":[{"embeddable":true,"href":"https:\/\/gorrasexclusive.com\/index.php?rest_route=\/wp\/v2\/users\/1"}],"replies":[{"embeddable":true,"href":"https:\/\/gorrasexclusive.com\/index.php?rest_route=%2Fwp%2Fv2%2Fcomments&post=3"}],"version-history":[{"count":2,"href":"https:\/\/gorrasexclusive.com\/index.php?rest_route=\/wp\/v2\/pages\/3\/revisions"}],"predecessor-version":[{"id":193,"href":"https:\/\/gorrasexclusive.com\/index.php?rest_route=\/wp\/v2\/pages\/3\/revisions\/193"}],"wp:attachment":[{"href":"https:\/\/gorrasexclusive.com\/index.php?rest_route=%2Fwp%2Fv2%2Fmedia&parent=3"}],"curies":[{"name":"wp","href":"https:\/\/api.w.org\/{rel}","templated":true}]}}